{"id":24715,"date":"2022-09-08T10:33:11","date_gmt":"2022-09-08T08:33:11","guid":{"rendered":"https:\/\/www.sylviatoledano.com\/eshop\/boucles-doreilles-bianca-2\/"},"modified":"2022-09-14T10:35:54","modified_gmt":"2022-09-14T08:35:54","slug":"boucles-doreilles-bianca-2","status":"publish","type":"product","link":"https:\/\/dev2.sylviatoledano.com\/en\/eshop\/boucles-doreilles-bianca-2\/","title":{"rendered":"Boucles d&#8217;oreilles Bianca"},"content":{"rendered":"<p>Boucles d&#8217;oreille\/ Earrings: &#8220;Bianca&#8221; &#8211; Pierre\/Stone: Tiger Eye<\/p>\n<span class=\"et_bloom_bottom_trigger\"><\/span>","protected":false},"excerpt":{"rendered":"<p>Laiton dor\u00e9 \u00e0 l&#8217;or fin &#8211; \u0152il de Tigre<\/p>\n","protected":false},"featured_media":24425,"template":"","meta":{"_et_pb_use_builder":"","_et_pb_old_content":"","_et_gb_content_width":"","inline_featured_image":false},"product_cat":[49,461],"product_tag":[471],"class_list":{"0":"post-24715","1":"product","2":"type-product","3":"status-publish","4":"has-post-thumbnail","6":"product_cat-earrings","7":"product_cat-fw22-en","8":"product_tag-feline-en","9":"pif-has-gallery","11":"first","12":"instock","13":"taxable","14":"shipping-taxable","15":"purchasable","16":"product-type-simple"},"_links":{"self":[{"href":"https:\/\/dev2.sylviatoledano.com\/en\/wp-json\/wp\/v2\/product\/24715","targetHints":{"allow":["GET"]}}],"collection":[{"href":"https:\/\/dev2.sylviatoledano.com\/en\/wp-json\/wp\/v2\/product"}],"about":[{"href":"https:\/\/dev2.sylviatoledano.com\/en\/wp-json\/wp\/v2\/types\/product"}],"wp:featuredmedia":[{"embeddable":true,"href":"https:\/\/dev2.sylviatoledano.com\/en\/wp-json\/wp\/v2\/media\/24425"}],"wp:attachment":[{"href":"https:\/\/dev2.sylviatoledano.com\/en\/wp-json\/wp\/v2\/media?parent=24715"}],"wp:term":[{"taxonomy":"product_cat","embeddable":true,"href":"https:\/\/dev2.sylviatoledano.com\/en\/wp-json\/wp\/v2\/product_cat?post=24715"},{"taxonomy":"product_tag","embeddable":true,"href":"https:\/\/dev2.sylviatoledano.com\/en\/wp-json\/wp\/v2\/product_tag?post=24715"}],"curies":[{"name":"wp","href":"https:\/\/api.w.org\/{rel}","templated":true}]}}