{"id":24695,"date":"2022-09-08T10:33:53","date_gmt":"2022-09-08T08:33:53","guid":{"rendered":"https:\/\/www.sylviatoledano.com\/eshop\/bague-little-byzance-11\/"},"modified":"2023-02-16T13:45:04","modified_gmt":"2023-02-16T12:45:04","slug":"bague-little-byzance-11","status":"publish","type":"product","link":"https:\/\/dev2.sylviatoledano.com\/en\/eshop\/bague-little-byzance-11\/","title":{"rendered":"Bague  Little Byzance"},"content":{"rendered":"<p>Bague\/Ring: &#8220;Little Byzance&#8221; &#8211; Pierre\/Stone: Feline Mix<\/p>\n<span class=\"et_bloom_bottom_trigger\"><\/span>","protected":false},"excerpt":{"rendered":"<p>Laiton dor\u00e9 \u00e0 l&#8217;or fin &#8211; \u0152il de Tigre, Onyx Noir Onyx Jaune<\/p>\n","protected":false},"featured_media":24473,"template":"","meta":{"_et_pb_use_builder":"","_et_pb_old_content":"","_et_gb_content_width":"","inline_featured_image":false},"product_cat":[47,461],"product_tag":[471],"class_list":{"0":"post-24695","1":"product","2":"type-product","3":"status-publish","4":"has-post-thumbnail","6":"product_cat-rings","7":"product_cat-fw22-en","8":"product_tag-feline-en","9":"pif-has-gallery","11":"first","12":"instock","13":"taxable","14":"shipping-taxable","15":"purchasable","16":"product-type-simple"},"_links":{"self":[{"href":"https:\/\/dev2.sylviatoledano.com\/en\/wp-json\/wp\/v2\/product\/24695","targetHints":{"allow":["GET"]}}],"collection":[{"href":"https:\/\/dev2.sylviatoledano.com\/en\/wp-json\/wp\/v2\/product"}],"about":[{"href":"https:\/\/dev2.sylviatoledano.com\/en\/wp-json\/wp\/v2\/types\/product"}],"wp:featuredmedia":[{"embeddable":true,"href":"https:\/\/dev2.sylviatoledano.com\/en\/wp-json\/wp\/v2\/media\/24473"}],"wp:attachment":[{"href":"https:\/\/dev2.sylviatoledano.com\/en\/wp-json\/wp\/v2\/media?parent=24695"}],"wp:term":[{"taxonomy":"product_cat","embeddable":true,"href":"https:\/\/dev2.sylviatoledano.com\/en\/wp-json\/wp\/v2\/product_cat?post=24695"},{"taxonomy":"product_tag","embeddable":true,"href":"https:\/\/dev2.sylviatoledano.com\/en\/wp-json\/wp\/v2\/product_tag?post=24695"}],"curies":[{"name":"wp","href":"https:\/\/api.w.org\/{rel}","templated":true}]}}